{"id":1835,"date":"2023-11-24T14:51:23","date_gmt":"2023-11-24T14:51:23","guid":{"rendered":"https:\/\/www.cedixperu.com\/?page_id=1835"},"modified":"2023-11-24T18:17:14","modified_gmt":"2023-11-24T18:17:14","slug":"colaboradores","status":"publish","type":"page","link":"https:\/\/www.cedixperu.com\/web\/colaboradores\/","title":{"rendered":"Colaboradores"},"content":{"rendered":"<p>[et_pb_section fb_built=\u00bb1&#8243; _builder_version=\u00bb4.23.1&#8243; _module_preset=\u00bbdefault\u00bb global_colors_info=\u00bb{}\u00bb global_module=\u00bb1915&#8243; saved_tabs=\u00bball\u00bb][et_pb_row _builder_version=\u00bb4.23.1&#8243; _module_preset=\u00bbdefault\u00bb global_colors_info=\u00bb{}\u00bb][et_pb_column type=\u00bb4_4&#8243; _builder_version=\u00bb4.23.1&#8243; _module_preset=\u00bbdefault\u00bb global_colors_info=\u00bb{}\u00bb][et_pb_text _builder_version=\u00bb4.23.1&#8243; _module_preset=\u00bbdefault\u00bb text_font=\u00bbRubik|700|||||||\u00bb header_font=\u00bbRubik|600|||||||\u00bb header_text_color=\u00bb#76b729&#8243; header_font_size=\u00bb42px\u00bb global_colors_info=\u00bb{}\u00bb]<\/p>\n<h1 style=\"text-align: center;\"><span>Colaboradores<\/span><\/h1>\n<p>[\/et_pb_text][\/et_pb_column][\/et_pb_row][et_pb_row column_structure=\u00bb1_4,3_4&#8243; _builder_version=\u00bb4.23.1&#8243; _module_preset=\u00bbdefault\u00bb custom_margin=\u00bb0px||10px||false|false\u00bb custom_padding=\u00bb5px|5px|5px|5px|false|true\u00bb hover_enabled=\u00bb0&#8243; border_color_all=\u00bb#d6d6d6&#8243; global_colors_info=\u00bb{}\u00bb sticky_enabled=\u00bb0&#8243; border_width_bottom=\u00bb1px\u00bb][et_pb_column type=\u00bb1_4&#8243; _builder_version=\u00bb4.23.1&#8243; _module_preset=\u00bbdefault\u00bb global_colors_info=\u00bb{}\u00bb][et_pb_text _builder_version=\u00bb4.23.1&#8243; _module_preset=\u00bbdefault\u00bb header_2_font=\u00bbRubik||||||||\u00bb header_2_text_align=\u00bbcenter\u00bb header_2_text_color=\u00bb#FFFFFF\u00bb background_color=\u00bb#76b729&#8243; custom_margin=\u00bb||||false|false\u00bb custom_padding=\u00bb20px|10px|20px|10px|false|false\u00bb hover_enabled=\u00bb0&#8243; global_colors_info=\u00bb{}\u00bb text_text_color=\u00bb#FFFFFF\u00bb text_font=\u00bbRubik|600|||||||\u00bb text_font_size=\u00bb16px\u00bb sticky_enabled=\u00bb0&#8243;]<\/p>\n<p style=\"text-align: center;\">RADIOLOGO<\/p>\n<p>[\/et_pb_text][\/et_pb_column][et_pb_column type=\u00bb3_4&#8243; _builder_version=\u00bb4.23.1&#8243; _module_preset=\u00bbdefault\u00bb global_colors_info=\u00bb{}\u00bb][et_pb_text _builder_version=\u00bb4.23.1&#8243; _module_preset=\u00bbdefault\u00bb text_font_size=\u00bb16px\u00bb hover_enabled=\u00bb0&#8243; global_colors_info=\u00bb{}\u00bb sticky_enabled=\u00bb0&#8243; custom_padding=\u00bb10px|10px||10px|false|true\u00bb]<\/p>\n<p>ESP. Yesenia Cueva<\/p>\n<p>[\/et_pb_text][\/et_pb_column][\/et_pb_row][et_pb_row column_structure=\u00bb1_4,3_4&#8243; _builder_version=\u00bb4.23.1&#8243; _module_preset=\u00bbdefault\u00bb custom_margin=\u00bb0px||0px||false|false\u00bb custom_padding=\u00bb5px|5px|5px|5px|false|true\u00bb hover_enabled=\u00bb0&#8243; border_color_all=\u00bb#d6d6d6&#8243; global_colors_info=\u00bb{}\u00bb border_width_bottom=\u00bb1px\u00bb sticky_enabled=\u00bb0&#8243;][et_pb_column type=\u00bb1_4&#8243; _builder_version=\u00bb4.23.1&#8243; _module_preset=\u00bbdefault\u00bb global_colors_info=\u00bb{}\u00bb][et_pb_text _builder_version=\u00bb4.23.1&#8243; _module_preset=\u00bbdefault\u00bb header_2_font=\u00bbRubik||||||||\u00bb header_2_text_align=\u00bbcenter\u00bb header_2_text_color=\u00bb#FFFFFF\u00bb background_color=\u00bb#76b729&#8243; custom_margin=\u00bb||||false|false\u00bb custom_padding=\u00bb20px|10px|20px|10px|false|false\u00bb hover_enabled=\u00bb0&#8243; global_colors_info=\u00bb{}\u00bb sticky_enabled=\u00bb0&#8243; text_text_color=\u00bb#FFFFFF\u00bb text_font=\u00bbRubik|600|||||||\u00bb text_font_size=\u00bb16px\u00bb]<\/p>\n<p style=\"text-align: center;\">ADMINISTRACI\u00d3N<\/p>\n<p>[\/et_pb_text][\/et_pb_column][et_pb_column type=\u00bb3_4&#8243; _builder_version=\u00bb4.23.1&#8243; _module_preset=\u00bbdefault\u00bb global_colors_info=\u00bb{}\u00bb][et_pb_text _builder_version=\u00bb4.23.1&#8243; _module_preset=\u00bbdefault\u00bb text_font_size=\u00bb16px\u00bb hover_enabled=\u00bb0&#8243; global_colors_info=\u00bb{}\u00bb sticky_enabled=\u00bb0&#8243; custom_padding=\u00bb10px|10px|10px|10px|true|true\u00bb]<\/p>\n<ul>\n<li>Jenny Saenz C\u00e1ceres<\/li>\n<li>Herick Cris\u00f3logo &#8211; <em><strong>Gerente administrativo<\/strong><\/em><\/li>\n<\/ul>\n<p>[\/et_pb_text][\/et_pb_column][\/et_pb_row][et_pb_row column_structure=\u00bb1_4,3_4&#8243; _builder_version=\u00bb4.23.1&#8243; _module_preset=\u00bbdefault\u00bb custom_margin=\u00bb0px||0px||false|false\u00bb custom_padding=\u00bb5px|5px|5px|5px|false|true\u00bb hover_enabled=\u00bb0&#8243; border_color_all=\u00bb#d6d6d6&#8243; global_colors_info=\u00bb{}\u00bb border_width_bottom=\u00bb1px\u00bb sticky_enabled=\u00bb0&#8243;][et_pb_column type=\u00bb1_4&#8243; _builder_version=\u00bb4.23.1&#8243; _module_preset=\u00bbdefault\u00bb global_colors_info=\u00bb{}\u00bb][et_pb_text _builder_version=\u00bb4.23.1&#8243; _module_preset=\u00bbdefault\u00bb header_2_font=\u00bbRubik||||||||\u00bb header_2_text_align=\u00bbcenter\u00bb header_2_text_color=\u00bb#FFFFFF\u00bb background_color=\u00bb#76b729&#8243; custom_margin=\u00bb||||false|false\u00bb custom_padding=\u00bb20px|10px|20px|10px|false|false\u00bb hover_enabled=\u00bb0&#8243; global_colors_info=\u00bb{}\u00bb sticky_enabled=\u00bb0&#8243; text_text_color=\u00bb#FFFFFF\u00bb text_font=\u00bbRubik|600|||||||\u00bb text_font_size=\u00bb16px\u00bb]<\/p>\n<p style=\"text-align: center;\">\u00c1REA COMERCIAL<\/p>\n<p>[\/et_pb_text][\/et_pb_column][et_pb_column type=\u00bb3_4&#8243; _builder_version=\u00bb4.23.1&#8243; _module_preset=\u00bbdefault\u00bb global_colors_info=\u00bb{}\u00bb][et_pb_text _builder_version=\u00bb4.23.1&#8243; _module_preset=\u00bbdefault\u00bb text_font_size=\u00bb16px\u00bb hover_enabled=\u00bb0&#8243; global_colors_info=\u00bb{}\u00bb sticky_enabled=\u00bb0&#8243; custom_padding=\u00bb10px|10px|10px|10px|true|true\u00bb]<\/p>\n<ul>\n<li>Diego Reyes A. &#8211; <em><strong>Gerente comercial sede San Borja<\/strong><\/em><\/li>\n<li>David Carrillo Bl. &#8211; <strong><em>Gerente comercial sede SJL<\/em>\u00a0<\/strong><\/li>\n<\/ul>\n<p>&nbsp;<\/p>\n<p>[\/et_pb_text][\/et_pb_column][\/et_pb_row][et_pb_row column_structure=\u00bb1_4,3_4&#8243; _builder_version=\u00bb4.23.1&#8243; _module_preset=\u00bbdefault\u00bb custom_margin=\u00bb0px||0px||false|false\u00bb custom_padding=\u00bb5px|5px|5px|5px|false|true\u00bb hover_enabled=\u00bb0&#8243; border_color_all=\u00bb#d6d6d6&#8243; global_colors_info=\u00bb{}\u00bb border_width_bottom=\u00bb1px\u00bb sticky_enabled=\u00bb0&#8243;][et_pb_column type=\u00bb1_4&#8243; _builder_version=\u00bb4.23.1&#8243; _module_preset=\u00bbdefault\u00bb global_colors_info=\u00bb{}\u00bb][et_pb_text _builder_version=\u00bb4.23.1&#8243; _module_preset=\u00bbdefault\u00bb header_2_font=\u00bbRubik||||||||\u00bb header_2_text_align=\u00bbcenter\u00bb header_2_text_color=\u00bb#FFFFFF\u00bb background_color=\u00bb#76b729&#8243; custom_margin=\u00bb||||false|false\u00bb custom_padding=\u00bb20px|10px|20px|10px|false|false\u00bb hover_enabled=\u00bb0&#8243; global_colors_info=\u00bb{}\u00bb sticky_enabled=\u00bb0&#8243; text_text_color=\u00bb#FFFFFF\u00bb text_font=\u00bbRubik|600|||||||\u00bb text_font_size=\u00bb16px\u00bb]<\/p>\n<p style=\"text-align: center;\">\u00c1REA T\u00c9CNICA RADIOL\u00d3GICA<\/p>\n<p>[\/et_pb_text][\/et_pb_column][et_pb_column type=\u00bb3_4&#8243; _builder_version=\u00bb4.23.1&#8243; _module_preset=\u00bbdefault\u00bb global_colors_info=\u00bb{}\u00bb][et_pb_text _builder_version=\u00bb4.23.1&#8243; _module_preset=\u00bbdefault\u00bb text_font_size=\u00bb16px\u00bb hover_enabled=\u00bb0&#8243; global_colors_info=\u00bb{}\u00bb sticky_enabled=\u00bb0&#8243; custom_padding=\u00bb10px|10px|10px|10px|true|true\u00bb]<\/p>\n<ul>\n<li>Ahily Delgado C.<\/li>\n<li>Cristhian Ortega G.<\/li>\n<li>Marlon Mendoza N.<\/li>\n<li>Kevin Mayta R.<\/li>\n<li>Adriana <\/li>\n<\/ul>\n<p>[\/et_pb_text][\/et_pb_column][\/et_pb_row][\/et_pb_section]<\/p>\n","protected":false},"excerpt":{"rendered":"<p>ColaboradoresRADIOLOGOESP. Yesenia CuevaADMINISTRACI\u00d3N Jenny Saenz C\u00e1ceres Herick Cris\u00f3logo &#8211; Gerente administrativo \u00c1REA COMERCIAL Diego Reyes A. &#8211; Gerente comercial sede San Borja David Carrillo Bl. &#8211; Gerente comercial sede SJL\u00a0 &nbsp;\u00c1REA T\u00c9CNICA RADIOL\u00d3GICA Ahily Delgado C. Cristhian Ortega G. Marlon Mendoza N. Kevin Mayta R. Adriana<\/p>\n","protected":false},"author":1,"featured_media":0,"parent":0,"menu_order":0,"comment_status":"closed","ping_status":"closed","template":"","meta":{"_et_pb_use_builder":"on","_et_pb_old_content":"","_et_gb_content_width":"","footnotes":""},"class_list":["post-1835","page","type-page","status-publish","hentry"],"_links":{"self":[{"href":"https:\/\/www.cedixperu.com\/web\/wp-json\/wp\/v2\/pages\/1835","targetHints":{"allow":["GET"]}}],"collection":[{"href":"https:\/\/www.cedixperu.com\/web\/wp-json\/wp\/v2\/pages"}],"about":[{"href":"https:\/\/www.cedixperu.com\/web\/wp-json\/wp\/v2\/types\/page"}],"author":[{"embeddable":true,"href":"https:\/\/www.cedixperu.com\/web\/wp-json\/wp\/v2\/users\/1"}],"replies":[{"embeddable":true,"href":"https:\/\/www.cedixperu.com\/web\/wp-json\/wp\/v2\/comments?post=1835"}],"version-history":[{"count":5,"href":"https:\/\/www.cedixperu.com\/web\/wp-json\/wp\/v2\/pages\/1835\/revisions"}],"predecessor-version":[{"id":1916,"href":"https:\/\/www.cedixperu.com\/web\/wp-json\/wp\/v2\/pages\/1835\/revisions\/1916"}],"wp:attachment":[{"href":"https:\/\/www.cedixperu.com\/web\/wp-json\/wp\/v2\/media?parent=1835"}],"curies":[{"name":"wp","href":"https:\/\/api.w.org\/{rel}","templated":true}]}}