{"id":1861,"date":"2023-11-24T15:11:11","date_gmt":"2023-11-24T15:11:11","guid":{"rendered":"https:\/\/www.cedixperu.com\/?page_id=1861"},"modified":"2023-11-24T17:00:27","modified_gmt":"2023-11-24T17:00:27","slug":"historia1","status":"publish","type":"page","link":"https:\/\/www.cedixperu.com\/web\/historia1\/","title":{"rendered":"Historia1"},"content":{"rendered":"<p>[et_pb_section fb_built=\u00bb1&#8243; _builder_version=\u00bb4.23.1&#8243; _module_preset=\u00bbdefault\u00bb global_colors_info=\u00bb{}\u00bb][et_pb_row _builder_version=\u00bb4.23.1&#8243; _module_preset=\u00bbdefault\u00bb global_colors_info=\u00bb{}\u00bb][et_pb_column type=\u00bb4_4&#8243; _builder_version=\u00bb4.23.1&#8243; _module_preset=\u00bbdefault\u00bb global_colors_info=\u00bb{}\u00bb][et_pb_text _builder_version=\u00bb4.23.1&#8243; _module_preset=\u00bbdefault\u00bb text_font=\u00bbRubik|700|||||||\u00bb header_font=\u00bbRubik|600|||||||\u00bb hover_enabled=\u00bb0&#8243; global_colors_info=\u00bb{}\u00bb header_text_color=\u00bb#76b729&#8243; header_font_size=\u00bb42px\u00bb sticky_enabled=\u00bb0&#8243;]<\/p>\n<h1 style=\"text-align: center;\"><span>Historia<\/span><\/h1>\n<p>[\/et_pb_text][\/et_pb_column][\/et_pb_row][et_pb_row _builder_version=\u00bb4.23.1&#8243; _module_preset=\u00bbdefault\u00bb global_colors_info=\u00bb{}\u00bb][et_pb_column type=\u00bb4_4&#8243; _builder_version=\u00bb4.23.1&#8243; _module_preset=\u00bbdefault\u00bb global_colors_info=\u00bb{}\u00bb][et_pb_text _builder_version=\u00bb4.23.1&#8243; _module_preset=\u00bbdefault\u00bb global_colors_info=\u00bb{}\u00bb]<\/p>\n<p style=\"text-align: justify;\">Somos <strong><em>CEDIX, Centro Especializado en Diagn\u00f3stico Imagenol\u00f3gico<\/em><\/strong>, con dos sedes en Lima \u2013 Per\u00fa y con m\u00e1s de seis a\u00f1os de experiencia en el mercado de la radiolog\u00eda dental.<\/p>\n<p style=\"text-align: justify;\">\n<p style=\"text-align: justify;\">Ofrecemos atenci\u00f3n de tomas radiol\u00f3gicas dentales a una gran cantidad de pacientes de consultorios y cl\u00ednicas dentales, as\u00ed mismo nos hemos posicionados como un punto de referencia en el diagn\u00f3stico estomatol\u00f3gico y aliados de los odont\u00f3logos de distintas especialidades.<\/p>\n<p style=\"text-align: justify;\">\n<p style=\"text-align: justify;\">Tenemos como objetivo principal brindarle un servicio <strong>personalizado con asesor\u00edas y talleres constantes<\/strong> y sobre todo <strong>im\u00e1genes precisas de alta definici\u00f3n<\/strong> en 2D y 3D que va de la mano con la mejor tecnolog\u00eda en equipos de tomograf\u00eda dental y odontolog\u00eda digital.<\/p>\n<p>[\/et_pb_text][\/et_pb_column][\/et_pb_row][et_pb_row _builder_version=\u00bb4.23.1&#8243; _module_preset=\u00bbdefault\u00bb global_colors_info=\u00bb{}\u00bb][et_pb_column type=\u00bb4_4&#8243; _builder_version=\u00bb4.23.1&#8243; _module_preset=\u00bbdefault\u00bb global_colors_info=\u00bb{}\u00bb][\/et_pb_column][\/et_pb_row][\/et_pb_section]<\/p>\n","protected":false},"excerpt":{"rendered":"<p>HistoriaSomos CEDIX, Centro Especializado en Diagn\u00f3stico Imagenol\u00f3gico, con dos sedes en Lima \u2013 Per\u00fa y con m\u00e1s de seis a\u00f1os de experiencia en el mercado de la radiolog\u00eda dental. Ofrecemos atenci\u00f3n de tomas radiol\u00f3gicas dentales a una gran cantidad de pacientes de consultorios y cl\u00ednicas dentales, as\u00ed mismo nos hemos posicionados como un punto de [&hellip;]<\/p>\n","protected":false},"author":1,"featured_media":0,"parent":0,"menu_order":0,"comment_status":"closed","ping_status":"closed","template":"","meta":{"_et_pb_use_builder":"on","_et_pb_old_content":"","_et_gb_content_width":"","footnotes":""},"class_list":["post-1861","page","type-page","status-publish","hentry"],"_links":{"self":[{"href":"https:\/\/www.cedixperu.com\/web\/wp-json\/wp\/v2\/pages\/1861","targetHints":{"allow":["GET"]}}],"collection":[{"href":"https:\/\/www.cedixperu.com\/web\/wp-json\/wp\/v2\/pages"}],"about":[{"href":"https:\/\/www.cedixperu.com\/web\/wp-json\/wp\/v2\/types\/page"}],"author":[{"embeddable":true,"href":"https:\/\/www.cedixperu.com\/web\/wp-json\/wp\/v2\/users\/1"}],"replies":[{"embeddable":true,"href":"https:\/\/www.cedixperu.com\/web\/wp-json\/wp\/v2\/comments?post=1861"}],"version-history":[{"count":6,"href":"https:\/\/www.cedixperu.com\/web\/wp-json\/wp\/v2\/pages\/1861\/revisions"}],"predecessor-version":[{"id":1910,"href":"https:\/\/www.cedixperu.com\/web\/wp-json\/wp\/v2\/pages\/1861\/revisions\/1910"}],"wp:attachment":[{"href":"https:\/\/www.cedixperu.com\/web\/wp-json\/wp\/v2\/media?parent=1861"}],"curies":[{"name":"wp","href":"https:\/\/api.w.org\/{rel}","templated":true}]}}