{"id":1865,"date":"2023-11-24T15:12:27","date_gmt":"2023-11-24T15:12:27","guid":{"rendered":"https:\/\/www.cedixperu.com\/?page_id=1865"},"modified":"2023-11-24T16:58:47","modified_gmt":"2023-11-24T16:58:47","slug":"mision-y-vision-1","status":"publish","type":"page","link":"https:\/\/www.cedixperu.com\/web\/mision-y-vision-1\/","title":{"rendered":"Misi\u00f3n y Visi\u00f3n 1"},"content":{"rendered":"<p>[et_pb_section fb_built=\u00bb1&#8243; _builder_version=\u00bb4.23.1&#8243; _module_preset=\u00bbdefault\u00bb global_colors_info=\u00bb{}\u00bb][et_pb_row _builder_version=\u00bb4.23.1&#8243; _module_preset=\u00bbdefault\u00bb global_colors_info=\u00bb{}\u00bb global_module=\u00bb1906&#8243; theme_builder_area=\u00bbpost_content\u00bb][et_pb_column type=\u00bb4_4&#8243; _builder_version=\u00bb4.23.1&#8243; _module_preset=\u00bbdefault\u00bb global_colors_info=\u00bb{}\u00bb theme_builder_area=\u00bbpost_content\u00bb][et_pb_text _builder_version=\u00bb4.23.1&#8243; _module_preset=\u00bbdefault\u00bb text_font=\u00bb||||||||\u00bb header_font=\u00bbRubik|500|||||||\u00bb header_text_color=\u00bb#76b729&#8243; header_font_size=\u00bb42px\u00bb global_colors_info=\u00bb{}\u00bb theme_builder_area=\u00bbpost_content\u00bb]<\/p>\n<h1 style=\"text-align: left;\">MISI\u00d3N<\/h1>\n<p>Brindar a los pacientes y odont\u00f3logos <strong>servicios de Diagn\u00f3stico Imagenol\u00f3gico de alta calidad<\/strong>, confiabilidad, seguridad y precisi\u00f3n, en conjunto con el equipo de colaboradores en la atenci\u00f3n <strong>radiol\u00f3gica especializada.<\/strong><\/p>\n<h1><\/h1>\n<p>&nbsp;<\/p>\n<h1 style=\"text-align: left;\">VISI\u00d3N<\/h1>\n<p>Seremos una empresa l\u00edder peruana en ofrecer innovadores servicios en la rama de la <strong>Radiolog\u00eda dental<\/strong> para ser el mejor aliado de los <strong>Odont\u00f3logos<\/strong> y teniendo la mejor experiencia en atenci\u00f3n hacia los pacientes.<\/p>\n<p>[\/et_pb_text][\/et_pb_column][\/et_pb_row][et_pb_row _builder_version=\u00bb4.23.1&#8243; _module_preset=\u00bbdefault\u00bb][et_pb_column _builder_version=\u00bb4.23.1&#8243; _module_preset=\u00bbdefault\u00bb type=\u00bb4_4&#8243;][\/et_pb_column][\/et_pb_row][\/et_pb_section]<\/p>\n","protected":false},"excerpt":{"rendered":"<p>MISI\u00d3N Brindar a los pacientes y odont\u00f3logos servicios de Diagn\u00f3stico Imagenol\u00f3gico de alta calidad, confiabilidad, seguridad y precisi\u00f3n, en conjunto con el equipo de colaboradores en la atenci\u00f3n radiol\u00f3gica especializada. &nbsp; VISI\u00d3N Seremos una empresa l\u00edder peruana en ofrecer innovadores servicios en la rama de la Radiolog\u00eda dental para ser el mejor aliado de los [&hellip;]<\/p>\n","protected":false},"author":1,"featured_media":0,"parent":0,"menu_order":0,"comment_status":"closed","ping_status":"closed","template":"","meta":{"_et_pb_use_builder":"on","_et_pb_old_content":"","_et_gb_content_width":"","footnotes":""},"class_list":["post-1865","page","type-page","status-publish","hentry"],"_links":{"self":[{"href":"https:\/\/www.cedixperu.com\/web\/wp-json\/wp\/v2\/pages\/1865","targetHints":{"allow":["GET"]}}],"collection":[{"href":"https:\/\/www.cedixperu.com\/web\/wp-json\/wp\/v2\/pages"}],"about":[{"href":"https:\/\/www.cedixperu.com\/web\/wp-json\/wp\/v2\/types\/page"}],"author":[{"embeddable":true,"href":"https:\/\/www.cedixperu.com\/web\/wp-json\/wp\/v2\/users\/1"}],"replies":[{"embeddable":true,"href":"https:\/\/www.cedixperu.com\/web\/wp-json\/wp\/v2\/comments?post=1865"}],"version-history":[{"count":5,"href":"https:\/\/www.cedixperu.com\/web\/wp-json\/wp\/v2\/pages\/1865\/revisions"}],"predecessor-version":[{"id":1909,"href":"https:\/\/www.cedixperu.com\/web\/wp-json\/wp\/v2\/pages\/1865\/revisions\/1909"}],"wp:attachment":[{"href":"https:\/\/www.cedixperu.com\/web\/wp-json\/wp\/v2\/media?parent=1865"}],"curies":[{"name":"wp","href":"https:\/\/api.w.org\/{rel}","templated":true}]}}