{"id":2025,"date":"2023-11-24T20:13:58","date_gmt":"2023-11-24T20:13:58","guid":{"rendered":"https:\/\/www.cedixperu.com\/?page_id=2025"},"modified":"2023-12-18T21:43:41","modified_gmt":"2023-12-18T21:43:41","slug":"radiografia-panoramica1","status":"publish","type":"page","link":"https:\/\/www.cedixperu.com\/web\/radiografia-panoramica1\/","title":{"rendered":"Radiograf\u00eda Panor\u00e1mica1"},"content":{"rendered":"<p>[et_pb_section fb_built=\u00bb1&#8243; _builder_version=\u00bb4.23.1&#8243; _module_preset=\u00bbdefault\u00bb global_colors_info=\u00bb{}\u00bb][et_pb_row _builder_version=\u00bb4.23.1&#8243; _module_preset=\u00bbdefault\u00bb custom_margin=\u00bb0px||0px||false|false\u00bb custom_padding=\u00bb0px||0px||false|false\u00bb global_colors_info=\u00bb{}\u00bb][et_pb_column type=\u00bb4_4&#8243; _builder_version=\u00bb4.23.1&#8243; _module_preset=\u00bbdefault\u00bb global_colors_info=\u00bb{}\u00bb][et_pb_divider show_divider=\u00bboff\u00bb _builder_version=\u00bb4.23.1&#8243; _module_preset=\u00bbdefault\u00bb global_colors_info=\u00bb{}\u00bb][\/et_pb_divider][et_pb_heading title=\u00bbSERVICIOS\u00bb _builder_version=\u00bb4.23.1&#8243; _module_preset=\u00bbdefault\u00bb title_font=\u00bbRubik|600|||||||\u00bb title_text_align=\u00bbcenter\u00bb background_color=\u00bb#e8e8e8&#8243; custom_padding=\u00bb10px||||false|false\u00bb global_colors_info=\u00bb{}\u00bb][\/et_pb_heading][\/et_pb_column][\/et_pb_row][et_pb_row use_custom_gutter=\u00bbon\u00bb _builder_version=\u00bb4.23.1&#8243; _module_preset=\u00bbdefault\u00bb background_color=\u00bbRGBA(255,255,255,0)\u00bb custom_margin=\u00bb0px||0px||false|false\u00bb custom_padding=\u00bb5px||0px||false|false\u00bb global_colors_info=\u00bb{}\u00bb][et_pb_column type=\u00bb4_4&#8243; _builder_version=\u00bb4.23.1&#8243; _module_preset=\u00bbdefault\u00bb global_colors_info=\u00bb{}\u00bb][et_pb_heading title=\u00bbRadiograf\u00eda Panoramica\u00bb _builder_version=\u00bb4.23.1&#8243; _module_preset=\u00bbdefault\u00bb title_font=\u00bbRubik|600|||||||\u00bb title_text_align=\u00bbcenter\u00bb title_text_color=\u00bb#FFFFFF\u00bb title_font_size=\u00bb24px\u00bb background_color=\u00bb#76b729&#8243; custom_padding=\u00bb10px||||false|false\u00bb global_colors_info=\u00bb{}\u00bb][\/et_pb_heading][\/et_pb_column][\/et_pb_row][et_pb_row column_structure=\u00bb1_2,1_2&#8243; use_custom_gutter=\u00bbon\u00bb gutter_width=\u00bb2&#8243; make_equal=\u00bbon\u00bb _builder_version=\u00bb4.23.1&#8243; _module_preset=\u00bbdefault\u00bb global_colors_info=\u00bb{}\u00bb][et_pb_column type=\u00bb1_2&#8243; _builder_version=\u00bb4.23.1&#8243; _module_preset=\u00bbdefault\u00bb background_color=\u00bbRGBA(255,255,255,0)\u00bb custom_css_main_element=\u00bbmargin:auto;\u00bb global_colors_info=\u00bb{}\u00bb][et_pb_text _builder_version=\u00bb4.23.1&#8243; _module_preset=\u00bbdefault\u00bb background_color=\u00bbRGBA(255,255,255,0)\u00bb custom_padding=\u00bb15px||15px|15px|true|false\u00bb global_colors_info=\u00bb{}\u00bb]<\/p>\n<p>Las radiograf\u00edas complementan la evaluaci\u00f3n cl\u00ednica que se puede realizar a un paciente, permite complementar un diagn\u00f3stico inicial y de este modo, planificar un tratamiento individualizado a cada paciente.<\/p>\n<p><strong>Beneficios:<\/strong><\/p>\n<ul>\n<li>Primera exploraci\u00f3n de paciente nuevos.<\/li>\n<li>Ayuda a observar el estado de las terceras molares.<\/li>\n<li>Evaluaci\u00f3n de patolog\u00eda, trauma, anomal\u00eda del desarrollo.<\/li>\n<li>Ayuda a detectar problemas con la articulaci\u00f3n temporomandibular (ATM)<\/li>\n<\/ul>\n<p>[\/et_pb_text][\/et_pb_column][et_pb_column type=\u00bb1_2&#8243; _builder_version=\u00bb4.23.1&#8243; _module_preset=\u00bbdefault\u00bb global_colors_info=\u00bb{}\u00bb][et_pb_image src=\u00bbhttp:\/\/www.cedixperu.com\/web\/wp-content\/uploads\/2023\/12\/panoramica-1.jpg\u00bb title_text=\u00bbpanoramica\u00bb _builder_version=\u00bb4.23.1&#8243; _module_preset=\u00bbdefault\u00bb hover_enabled=\u00bb0&#8243; global_colors_info=\u00bb{}\u00bb sticky_enabled=\u00bb0&#8243;][\/et_pb_image][\/et_pb_column][\/et_pb_row][et_pb_row _builder_version=\u00bb4.23.1&#8243; _module_preset=\u00bbdefault\u00bb global_colors_info=\u00bb{}\u00bb][et_pb_column type=\u00bb4_4&#8243; _builder_version=\u00bb4.23.1&#8243; _module_preset=\u00bbdefault\u00bb global_colors_info=\u00bb{}\u00bb][et_pb_divider show_divider=\u00bboff\u00bb _builder_version=\u00bb4.23.1&#8243; _module_preset=\u00bbdefault\u00bb global_colors_info=\u00bb{}\u00bb][\/et_pb_divider][\/et_pb_column][\/et_pb_row][\/et_pb_section]<\/p>\n","protected":false},"excerpt":{"rendered":"<p>Las radiograf\u00edas complementan la evaluaci\u00f3n cl\u00ednica que se puede realizar a un paciente, permite complementar un diagn\u00f3stico inicial y de este modo, planificar un tratamiento individualizado a cada paciente. Beneficios: Primera exploraci\u00f3n de paciente nuevos. Ayuda a observar el estado de las terceras molares. Evaluaci\u00f3n de patolog\u00eda, trauma, anomal\u00eda del desarrollo. Ayuda a detectar problemas [&hellip;]<\/p>\n","protected":false},"author":1,"featured_media":0,"parent":0,"menu_order":0,"comment_status":"closed","ping_status":"closed","template":"","meta":{"_et_pb_use_builder":"on","_et_pb_old_content":"","_et_gb_content_width":"","footnotes":""},"class_list":["post-2025","page","type-page","status-publish","hentry"],"_links":{"self":[{"href":"https:\/\/www.cedixperu.com\/web\/wp-json\/wp\/v2\/pages\/2025","targetHints":{"allow":["GET"]}}],"collection":[{"href":"https:\/\/www.cedixperu.com\/web\/wp-json\/wp\/v2\/pages"}],"about":[{"href":"https:\/\/www.cedixperu.com\/web\/wp-json\/wp\/v2\/types\/page"}],"author":[{"embeddable":true,"href":"https:\/\/www.cedixperu.com\/web\/wp-json\/wp\/v2\/users\/1"}],"replies":[{"embeddable":true,"href":"https:\/\/www.cedixperu.com\/web\/wp-json\/wp\/v2\/comments?post=2025"}],"version-history":[{"count":5,"href":"https:\/\/www.cedixperu.com\/web\/wp-json\/wp\/v2\/pages\/2025\/revisions"}],"predecessor-version":[{"id":2679,"href":"https:\/\/www.cedixperu.com\/web\/wp-json\/wp\/v2\/pages\/2025\/revisions\/2679"}],"wp:attachment":[{"href":"https:\/\/www.cedixperu.com\/web\/wp-json\/wp\/v2\/media?parent=2025"}],"curies":[{"name":"wp","href":"https:\/\/api.w.org\/{rel}","templated":true}]}}