{"id":2187,"date":"2023-11-27T19:26:27","date_gmt":"2023-11-27T19:26:27","guid":{"rendered":"https:\/\/www.cedixperu.com\/?page_id=2187"},"modified":"2023-12-18T17:10:30","modified_gmt":"2023-12-18T17:10:30","slug":"recomendaciones-antes-de-la-toma","status":"publish","type":"page","link":"https:\/\/www.cedixperu.com\/web\/recomendaciones-antes-de-la-toma\/","title":{"rendered":"Recomendaciones antes de la toma"},"content":{"rendered":"<p>[et_pb_section fb_built=\u00bb1&#8243; _builder_version=\u00bb4.23.1&#8243; _module_preset=\u00bbdefault\u00bb global_colors_info=\u00bb{}\u00bb][et_pb_row _builder_version=\u00bb4.23.1&#8243; _module_preset=\u00bbdefault\u00bb custom_margin=\u00bb0px||0px||false|false\u00bb custom_padding=\u00bb0px||0px||false|false\u00bb global_colors_info=\u00bb{}\u00bb][et_pb_column type=\u00bb4_4&#8243; _builder_version=\u00bb4.23.1&#8243; _module_preset=\u00bbdefault\u00bb global_colors_info=\u00bb{}\u00bb][et_pb_divider show_divider=\u00bboff\u00bb _builder_version=\u00bb4.23.1&#8243; _module_preset=\u00bbdefault\u00bb global_colors_info=\u00bb{}\u00bb][\/et_pb_divider][et_pb_heading title=\u00bbTODO LO QUE DEBES SABER\u00bb _builder_version=\u00bb4.23.1&#8243; _module_preset=\u00bbdefault\u00bb title_font=\u00bbRubik|600|||||||\u00bb title_text_align=\u00bbcenter\u00bb title_text_color=\u00bb#76b729&#8243; background_color=\u00bbRGBA(255,255,255,0)\u00bb custom_padding=\u00bb10px||||false|false\u00bb global_colors_info=\u00bb{}\u00bb][\/et_pb_heading][\/et_pb_column][\/et_pb_row][et_pb_row column_structure=\u00bb1_3,2_3&#8243; use_custom_gutter=\u00bbon\u00bb gutter_width=\u00bb1&#8243; make_equal=\u00bbon\u00bb _builder_version=\u00bb4.23.1&#8243; _module_preset=\u00bbdefault\u00bb background_color=\u00bb#f4f4f4&#8243; custom_margin=\u00bb20px||40px||false|false\u00bb custom_padding=\u00bb0px||0px||false|false\u00bb global_colors_info=\u00bb{}\u00bb][et_pb_column type=\u00bb1_3&#8243; _builder_version=\u00bb4.23.1&#8243; _module_preset=\u00bbdefault\u00bb background_color=\u00bbrgba(226,226,226,0)\u00bb custom_css_main_element=\u00bbmargin:auto;\u00bb global_colors_info=\u00bb{}\u00bb][et_pb_image src=\u00bbhttp:\/\/www.cedixperu.com\/web\/wp-content\/uploads\/2023\/12\/recomendaciones.jpg\u00bb title_text=\u00bbrecomendaciones\u00bb _builder_version=\u00bb4.23.1&#8243; _module_preset=\u00bbdefault\u00bb hover_enabled=\u00bb0&#8243; global_colors_info=\u00bb{}\u00bb sticky_enabled=\u00bb0&#8243;][\/et_pb_image][\/et_pb_column][et_pb_column type=\u00bb2_3&#8243; _builder_version=\u00bb4.23.1&#8243; _module_preset=\u00bbdefault\u00bb custom_padding=\u00bb20px|20px|20px|20px|false|true\u00bb global_colors_info=\u00bb{}\u00bb][et_pb_heading title=\u00bbRecomendaciones antes de la toma\u00bb _builder_version=\u00bb4.23.1&#8243; _module_preset=\u00bbdefault\u00bb title_font=\u00bbRubik|300|||||||\u00bb title_text_align=\u00bbleft\u00bb title_text_color=\u00bb#FFFFFF\u00bb title_font_size=\u00bb24px\u00bb background_color=\u00bb#76b729&#8243; custom_margin=\u00bb10px||10px||true|false\u00bb custom_padding=\u00bb10px|20px|5px|20px|false|true\u00bb title_text_shadow_style=\u00bbpreset1&#8243; global_colors_info=\u00bb{}\u00bb][\/et_pb_heading][et_pb_text _builder_version=\u00bb4.23.1&#8243; _module_preset=\u00bbdefault\u00bb text_font_size=\u00bb16px\u00bb ol_line_height=\u00bb2em\u00bb background_color=\u00bbRGBA(255,255,255,0)\u00bb custom_padding=\u00bb30px|30px|30px|30px|false|false\u00bb global_colors_info=\u00bb{}\u00bb]<\/p>\n<ol>\n<li>Retirar todo tipo de metal de cabeza y cuello.<\/li>\n<li>No se necesita ning\u00fan tipo de preparaci\u00f3n previa.<\/li>\n<li>Si estas embarazada, consultar con su odont\u00f3logo.<\/li>\n<li>Utilizaras un chaleco (de plomo), de protecci\u00f3n<\/li>\n<\/ol>\n<p>[\/et_pb_text][\/et_pb_column][\/et_pb_row][et_pb_row _builder_version=\u00bb4.23.1&#8243; _module_preset=\u00bbdefault\u00bb global_colors_info=\u00bb{}\u00bb][et_pb_column type=\u00bb4_4&#8243; _builder_version=\u00bb4.23.1&#8243; _module_preset=\u00bbdefault\u00bb global_colors_info=\u00bb{}\u00bb][et_pb_divider show_divider=\u00bboff\u00bb _builder_version=\u00bb4.23.1&#8243; _module_preset=\u00bbdefault\u00bb global_colors_info=\u00bb{}\u00bb][\/et_pb_divider][\/et_pb_column][\/et_pb_row][\/et_pb_section]<\/p>\n","protected":false},"excerpt":{"rendered":"<p>Retirar todo tipo de metal de cabeza y cuello. No se necesita ning\u00fan tipo de preparaci\u00f3n previa. Si estas embarazada, consultar con su odont\u00f3logo. Utilizaras un chaleco (de plomo), de protecci\u00f3n<\/p>\n","protected":false},"author":1,"featured_media":0,"parent":0,"menu_order":0,"comment_status":"closed","ping_status":"closed","template":"","meta":{"_et_pb_use_builder":"on","_et_pb_old_content":"","_et_gb_content_width":"","footnotes":""},"class_list":["post-2187","page","type-page","status-publish","hentry"],"_links":{"self":[{"href":"https:\/\/www.cedixperu.com\/web\/wp-json\/wp\/v2\/pages\/2187","targetHints":{"allow":["GET"]}}],"collection":[{"href":"https:\/\/www.cedixperu.com\/web\/wp-json\/wp\/v2\/pages"}],"about":[{"href":"https:\/\/www.cedixperu.com\/web\/wp-json\/wp\/v2\/types\/page"}],"author":[{"embeddable":true,"href":"https:\/\/www.cedixperu.com\/web\/wp-json\/wp\/v2\/users\/1"}],"replies":[{"embeddable":true,"href":"https:\/\/www.cedixperu.com\/web\/wp-json\/wp\/v2\/comments?post=2187"}],"version-history":[{"count":5,"href":"https:\/\/www.cedixperu.com\/web\/wp-json\/wp\/v2\/pages\/2187\/revisions"}],"predecessor-version":[{"id":2618,"href":"https:\/\/www.cedixperu.com\/web\/wp-json\/wp\/v2\/pages\/2187\/revisions\/2618"}],"wp:attachment":[{"href":"https:\/\/www.cedixperu.com\/web\/wp-json\/wp\/v2\/media?parent=2187"}],"curies":[{"name":"wp","href":"https:\/\/api.w.org\/{rel}","templated":true}]}}