{"id":24,"date":"2023-11-14T03:19:53","date_gmt":"2023-11-14T03:19:53","guid":{"rendered":"https:\/\/www.cedixperu.com\/?page_id=24"},"modified":"2023-11-24T14:53:03","modified_gmt":"2023-11-24T14:53:03","slug":"conocenos","status":"publish","type":"page","link":"https:\/\/www.cedixperu.com\/web\/conocenos\/","title":{"rendered":"QUIENES SOMOS"},"content":{"rendered":"\n[et_pb_section fb_built=\u00bb1&#8243; _builder_version=\u00bb4.23.1&#8243; _module_preset=\u00bbdefault\u00bb global_colors_info=\u00bb{}\u00bb][et_pb_row _builder_version=\u00bb4.23.1&#8243; _module_preset=\u00bbdefault\u00bb global_colors_info=\u00bb{}\u00bb][et_pb_column type=\u00bb4_4&#8243; _builder_version=\u00bb4.23.1&#8243; _module_preset=\u00bbdefault\u00bb global_colors_info=\u00bb{}\u00bb][et_pb_text _builder_version=\u00bb4.23.1&#8243; _module_preset=\u00bbdefault\u00bb header_font=\u00bbRubik|800|||||||\u00bb hover_enabled=\u00bb0&#8243; global_colors_info=\u00bb{}\u00bb header_2_text_color=\u00bb#76b729&#8243; sticky_enabled=\u00bb0&#8243; custom_padding=\u00bb10px||80px||false|false\u00bb]<h1 style=\"text-align: center;\">Quienes Somos<\/h1>\n<p>&nbsp;<\/p>\n<p>Somos <strong><em>CEDIX, Centro Especializado en Diagn\u00f3stico Imagenol\u00f3gico<\/em><\/strong>, con dos sedes en Lima \u2013 Per\u00fa y con m\u00e1s de seis a\u00f1os de experiencia en el mercado de la radiolog\u00eda dental.<\/p>\n<p>&nbsp;<\/p>\n<p>Ofrecemos atenci\u00f3n de tomas radiol\u00f3gicas dentales a una gran cantidad de pacientes de consultorios y cl\u00ednicas dentales, as\u00ed mismo nos hemos posicionados como un punto de referencia en el diagn\u00f3stico estomatol\u00f3gico y aliados de los odont\u00f3logos de distintas especialidades.<\/p>\n<p>&nbsp;<\/p>\n<p>Tenemos como objetivo principal brindarle un servicio <strong>personalizado con asesor\u00edas y talleres constantes<\/strong> y sobre todo <strong>im\u00e1genes precisas de alta definici\u00f3n<\/strong> en 2D y 3D que va de la mano con la mejor tecnolog\u00eda en equipos de tomograf\u00eda dental y odontolog\u00eda digital.<\/p>\n<p>&nbsp;<\/p>\n<h2><strong>VALORES<\/strong><\/h2>\n<p><strong><\/strong><\/p>\n<p><strong>\u00c9tica m\u00e9dica<\/strong><\/p>\n<p>Nos basamos en el trabajo<strong> con confidencialidad, uso \u00e9tico de las im\u00e1genes y de la informaci\u00f3n del paciente. <\/strong><\/p>\n<p><strong>Excelencia<\/strong><\/p>\n<p>Brindamos nuestros servicios con la rapidez y la efectividad que el doctor y el paciente requiere. Pero sobre todo la atenci\u00f3n de todo nuestro equipo de colaboradores es un plus que nos identifica como centro radiol\u00f3gico.<\/p>\n<p><strong>Trabajo en equipo<\/strong><\/p>\n<p>Detr\u00e1s de una gran empresa, siempre hay un equipo. <strong>Decidimos apostar por el equipo humano, por el profesionalismo, que aporta un valor diferencial a los pacientes y odont\u00f3logos. <\/strong><\/p>\n<p>&nbsp;<\/p>\n<h2><strong>MISION<\/strong><\/h2>\n<p>Brindar a los pacientes y odont\u00f3logos servicios de Diagn\u00f3stico Imagenol\u00f3gico de alta calidad, confiabilidad, seguridad y precisi\u00f3n, en conjunto con el equipo de colaboradores en la atenci\u00f3n radiol\u00f3gica especializada.<\/p>\n<p>&nbsp;<\/p>\n<h2><strong>VISION<\/strong><\/h2>\n<p>Seremos una empresa l\u00edder peruana en ofrecer innovadores servicios en la rama de la Radiolog\u00eda dental para ser el mejor aliado de los Odont\u00f3logos y teniendo la mejor experiencia en atenci\u00f3n hacia los pacientes.<\/p>\n<p>&nbsp;<\/p>[\/et_pb_text][\/et_pb_column][\/et_pb_row][\/et_pb_section]\n","protected":false},"excerpt":{"rendered":"","protected":false},"author":1,"featured_media":0,"parent":0,"menu_order":0,"comment_status":"closed","ping_status":"closed","template":"","meta":{"_et_pb_use_builder":"","_et_pb_old_content":"","_et_gb_content_width":"","footnotes":""},"class_list":["post-24","page","type-page","status-publish","hentry"],"_links":{"self":[{"href":"https:\/\/www.cedixperu.com\/web\/wp-json\/wp\/v2\/pages\/24","targetHints":{"allow":["GET"]}}],"collection":[{"href":"https:\/\/www.cedixperu.com\/web\/wp-json\/wp\/v2\/pages"}],"about":[{"href":"https:\/\/www.cedixperu.com\/web\/wp-json\/wp\/v2\/types\/page"}],"author":[{"embeddable":true,"href":"https:\/\/www.cedixperu.com\/web\/wp-json\/wp\/v2\/users\/1"}],"replies":[{"embeddable":true,"href":"https:\/\/www.cedixperu.com\/web\/wp-json\/wp\/v2\/comments?post=24"}],"version-history":[{"count":5,"href":"https:\/\/www.cedixperu.com\/web\/wp-json\/wp\/v2\/pages\/24\/revisions"}],"predecessor-version":[{"id":1839,"href":"https:\/\/www.cedixperu.com\/web\/wp-json\/wp\/v2\/pages\/24\/revisions\/1839"}],"wp:attachment":[{"href":"https:\/\/www.cedixperu.com\/web\/wp-json\/wp\/v2\/media?parent=24"}],"curies":[{"name":"wp","href":"https:\/\/api.w.org\/{rel}","templated":true}]}}